{"id":286,"date":"2016-10-31T13:17:59","date_gmt":"2016-10-31T16:17:59","guid":{"rendered":"https:\/\/ies2-caba.infd.edu.ar\/sitio\/?page_id=286"},"modified":"2023-04-11T21:25:18","modified_gmt":"2023-04-12T00:25:18","slug":"inicio","status":"publish","type":"page","link":"https:\/\/ies2-caba.infd.edu.ar\/sitio\/","title":{"rendered":"Inicio"},"content":{"rendered":"<h1 style=\"text-align: center;\"><a href=\"https:\/\/sites.google.com\/view\/iesn2\">Nueva p\u00e1gina del IES N\u00b02 Mariano Acosta &#8211; Ingres\u00e1!<\/a><\/h1>\n<p>&nbsp;<\/p>\n<p class=\"Titulo1\" style=\"text-align: center;\"><span style=\"font-family: verdana,geneva;\"><span style=\"font-size: 14pt;\">\u00a0Instituto de Ense\u00f1anza Superior N\u00ba 2 \u00abMariano Acosta\u00bb <\/span><\/span><\/p>\n<p style=\"text-align: center;\"><span class=\"Titulo1\"><span style=\"font-family: verdana,geneva;\"><span style=\"font-size: 10pt;\">Ciudad Aut\u00f3noma de Buenos Aires<\/span><\/span><\/span><\/p>\n<table id=\"table1\" style=\"width: 100%;\" border=\"1\" cellspacing=\"0\" cellpadding=\"10\" align=\"center\">\n<tbody>\n<tr>\n<td style=\"border: 1px solid #e1ecfd;\">\n<p>\u00a0<img decoding=\"async\" style=\"display: block; margin-left: auto; margin-right: auto;\" title=\"Frente escuela tejas\" src=\"https:\/\/ies2-caba.infd.edu.ar\/sitio\/wp-content\/uploads\/2018\/08\/frentemoreno_2_1.jpg\" alt=\"Frente escuela tejas\" border=\"0\" \/><\/p>\n<p style=\"text-align: center;\"><em><strong style=\"mso-bidi-font-weight: normal;\"><span style=\"font-family: Verdana; color: black;\"><span style=\"font-size: 12pt;\">Breve Rese\u00f1a Hist\u00f3rica\u00a0<\/span><\/span><\/strong><\/em><\/p>\n<p style=\"text-align: justify;\"><span style=\"font-size: 20pt;\"><span style=\"font-family: Verdana; color: black;\">El Instituto hunde sus ra\u00edces en la <a href=\"https:\/\/ens2-caba.infd.edu.ar\/sitio\/\" target=\"_blank\" rel=\"noopener\">Escuela Normal Superior de Profesores N\u00ba 2 \u00abMariano Acosta\u00bb<\/a><\/span><a style=\"mso-footnote-id: ftn1;\" href=\"#_ftn1\" name=\"_ftnref1\"><\/a><span style=\"font-family: Verdana; color: black;\"> [1], fundada el 16 de junio de 1874, por una Ley de la Provincia de Buenos Aires de 1873, cuando la Ciudad de Buenos Aires era su Capital.<\/span><\/span><\/p>\n<p style=\"text-align: justify;\"><span style=\"font-family: Verdana; color: black; font-size: 10pt;\">El 9 de julio de 1874 comienzan las clases en la Escuela, y el 27 de julio en el Curso Normal, de formaci\u00f3n de maestros. <br \/><\/span><\/p>\n<p style=\"text-align: justify;\"><span style=\"font-family: Verdana; color: black; font-size: 10pt;\">En 1881 la Escuela Normal N\u00ba 2 de Varones <a style=\"mso-footnote-id: ftn2;\" href=\"#_ftn2\" name=\"_ftnref2\"><\/a><span class=\"MsoFootnoteReference\"><span class=\"MsoFootnoteReference\"><span style=\"font-family: Verdana; color: black;\">[2]<\/span><\/span><\/span> de la Provincia de Buenos Aires es Nacionalizada y, con la creaci\u00f3n de las carreras del profesorado superior en Letras y en\u00a0 Ciencias, pasa a denominarse Escuela Normal de Profesores. <\/span><\/p>\n<p style=\"text-align: justify;\"><span style=\"font-family: Verdana; color: black; font-size: 10pt;\">El 31 de enero de 1889 la Escuela Normal de Profesores comienza a funcionar en su nuevo, propio y actual Edificio, ubicado en la calle General Urquiza 277 <a style=\"mso-footnote-id: ftn3;\" href=\"#_ftn3\" name=\"_ftnref3\"><\/a><span class=\"MsoFootnoteReference\"><span class=\"MsoFootnoteReference\"><span style=\"font-family: Verdana; color: black;\">[3]<\/span><\/span><\/span> . Su construcci\u00f3n fue dise\u00f1ada y dirigida por el Ingeniero Francisco Tamburini &#8230; Su estilo es el del \u00abneo renacimiento italiano\u00bb.<\/span><\/p>\n<p style=\"text-align: justify;\"><span style=\"font-family: Verdana; color: black; font-size: 10pt;\">Al cumplirse 50 a\u00f1os de su fundaci\u00f3n, en 1924, el entonces Presidente de la Naci\u00f3n y ex-alumno de la Escuela, Marcelo T.\u00a0 de Alvear, design\u00f3 al establecimiento con el nombre de \u201cMariano Acosta\u201d, en homenaje a su fundador.<\/span><\/p>\n<p style=\"text-align: justify;\"><span style=\"font-family: Verdana; color: black; font-size: 10pt;\">Nuestro\u00a0Instituto tiene el raro privilegio de haber dependido de tres jurisdicciones de gobierno de nuestro pa\u00eds.<\/span><\/p>\n<p style=\"text-align: justify;\"><span style=\"font-family: Verdana; color: black; font-size: 10pt;\">Perteneci\u00f3 a la Provincia de Buenos Aires desde su fundaci\u00f3n hasta el traspaso de establecimientos educativos a la Naci\u00f3n,\u00a0 en 1881, por la Federalizaci\u00f3n de la Ciudad de Buenos Aires efectuada en septiembre de 1880.<\/span><\/p>\n<p style=\"text-align: justify;\"><span style=\"font-family: Verdana; color: black; font-size: 10pt;\">Gracias a la movilizaci\u00f3n de su comunidad docente y estudiantil, desde el 8 de abril de 1988, se instituy\u00f3 un r\u00e9gimen acad\u00e9mico e institucional m\u00e1s democr\u00e1tico en los Profesorados Superiores en Letras y en Ciencias, cre\u00e1ndose en consecuencia el Instituto Nacional de Ense\u00f1anza Superior N\u00ba 2 \u00abMariano Acosta\u00bb.<\/span><\/p>\n<p style=\"text-align: justify;\"><span style=\"font-family: Verdana; color: black; font-size: 10pt;\">Desde entonces,\u00a0hasta el 31 de diciembre de 1993 fue Nacional y, por \u00faltimo, desde el 1\u00ba de enero de 1994 en adelante pasa a la Jurisdicci\u00f3n de la Ciudad de Buenos Aires. A partir de esa fecha se denomina <strong style=\"mso-bidi-font-weight: normal;\">Instituto de Ense\u00f1anza Superior N\u00ba 2 \u00abMariano Acosta\u00bb.<\/strong><\/span><\/p>\n<p style=\"text-align: justify;\"><span style=\"font-size: 10pt;\"><span style=\"color: black; font-family: Verdana;\">El\u00a0<\/span><span style=\"color: black; font-family: Verdana;\">Instituto de Ese\u00f1anza Superior\u00a0N\u00ba 2 \u00abMariano Acosta\u00bb forma parte del sistema de educaci\u00f3n p\u00fablica de gesti\u00f3n estatal, compartiendo edificio con la Escuela Normal del mismo nombre.<\/span><\/span><\/p>\n<p style=\"text-align: justify;\"><span style=\"font-size: 10pt; color: black; font-family: Verdana;\">A trav\u00e9s de este sitio en Internet, nuestro Instituto podr\u00e1 comunicar novedades, acercar informaci\u00f3n, compartir experiencias y brindar apoyo y asesoramiento a\u00a0alumnos, docentes e interesados en formar parte de esta comunidad educativa.<\/span><\/p>\n<div style=\"text-align: justify; mso-element: footnote-list;\"><span style=\"font-size: 14pt; color: black; font-family: Verdana;\"><img decoding=\"async\" loading=\"lazy\" src=\"https:\/\/ies2-caba.infd.edu.ar\/sitio\/wp-content\/uploads\/2018\/08\/la_red.jpg\" alt=\"Red virtual\" width=\"147\" height=\"94\" align=\"left\" border=\"0\" hspace=\"10\" \/><\/span><span style=\"font-size: 10pt; color: black; font-family: Verdana;\">Junto con varios cientos de Institutos, integramos la <em><span style=\"font-family: Verdana;\"><strong>Red\u00a0Virtual<\/strong> de Institutos Superiores de Formaci\u00f3n Docente,<\/span><\/em>\u00a0coordinada por el <span style=\"font-family: Verdana;\">INFD<\/span> (Instituto Nacional de Formaci\u00f3n Docente) del Ministerio de Educaci\u00f3n de la Naci\u00f3n Argentina.<\/span><\/div>\n<div style=\"text-align: justify; mso-element: footnote-list;\">\n<hr style=\"text-align: justify;\" size=\"1\" \/><\/div>\n<div id=\"ftn1\" style=\"text-align: justify; mso-element: footnote;\">\n<p style=\"text-align: justify; margin: 0cm 0cm 0pt;\"><a style=\"mso-footnote-id: ftn1;\" href=\"#_ftnref1\" name=\"_ftn1\"><\/a><span class=\"MsoFootnoteReference\"><span style=\"font-family: Verdana;\"><span style=\"mso-special-character: footnote;\"><span class=\"MsoFootnoteReference\"><span style=\"font-family: Verdana; mso-fareast-font-family: 'Times New Roman'; mso-bidi-font-family: 'Times New Roman'; mso-ansi-language: ES; mso-fareast-language: ES; mso-bidi-language: AR-SA;\"><span style=\"font-size: 8pt;\">[1]<\/span><\/span><\/span><\/span><\/span><\/span><span style=\"font-size: 8pt;\"><em><span style=\"font-family: Verdana; color: black;\">Mariano Acosta fue Gobernador de la Provincia de Buenos Aires entre 1872 y 1874. Luego fue<span style=\"mso-spacerun: yes;\">\u00a0 <\/span>Vicepresidente de la Naci\u00f3n entre 1874 y 1880. <\/span><\/em><\/span><\/p>\n<\/div>\n<div id=\"ftn2\" style=\"text-align: justify; mso-element: footnote;\">\n<p class=\"MsoFootnoteText\" style=\"margin: 0cm 0cm 0pt;\"><a style=\"mso-footnote-id: ftn2;\" href=\"#_ftnref2\" name=\"_ftn2\"><\/a><span class=\"MsoFootnoteReference\"><span style=\"font-family: Verdana; font-size: 12pt;\"><span style=\"mso-special-character: footnote;\"><span class=\"MsoFootnoteReference\"><span style=\"font-family: Verdana; mso-fareast-font-family: 'Times New Roman'; mso-bidi-font-family: 'Times New Roman'; mso-ansi-language: ES; mso-fareast-language: ES; mso-bidi-language: AR-SA;\"><span style=\"font-size: 8pt;\">[2]<\/span><\/span><\/span><\/span><\/span><\/span><span style=\"font-family: Verdana;\"><span style=\"font-size: 8pt;\"> <em><span style=\"font-family: Verdana; color: black;\">Recordar que <\/span><\/em><em><span style=\"font-family: Verdana;\">la Escuela Normal<\/span><\/em><em><span style=\"font-family: Verdana;\"> N\u00ba 1, era de Se\u00f1oritas.<\/span><\/em><\/span><\/span><\/p>\n<\/div>\n<div id=\"ftn3\" style=\"text-align: justify; mso-element: footnote;\">\n<p style=\"text-align: justify; margin: 0cm 0cm 0pt;\"><a style=\"mso-footnote-id: ftn3;\" href=\"#_ftnref3\" name=\"_ftn3\"><\/a><span class=\"MsoFootnoteReference\"><span style=\"font-family: Verdana;\"><span style=\"mso-special-character: footnote;\"><span class=\"MsoFootnoteReference\"><span style=\"font-family: Verdana; mso-fareast-font-family: 'Times New Roman'; mso-bidi-font-family: 'Times New Roman'; mso-ansi-language: ES; mso-fareast-language: ES; mso-bidi-language: AR-SA;\"><span style=\"font-size: 8pt;\">[3]<\/span><\/span><\/span><\/span><\/span><\/span><span style=\"font-size: 8pt;\"><em><span style=\"font-family: Verdana;\">La Ley Nacional<\/span><\/em><em><span style=\"font-family: Verdana;\"> N\u00ba 25.171 (sancionada el 15 de septiembre de 1999, promulgada por Decreto N\u00ba 1071 el 28 de septiembre y publicada en el Bolet\u00edn Oficial el 7 de octubre de 1999) declar\u00f3 al Edificio, sede del Instituto, \u00abMonumento Hist\u00f3rico Nacional\u00bb.<\/span><\/em><\/span><\/p>\n<\/div>\n<\/td>\n<\/tr>\n<\/tbody>\n<\/table>\n","protected":false},"excerpt":{"rendered":"<p>Nueva p\u00e1gina del IES N\u00b02 Mariano Acosta &#8211; Ingres\u00e1! &nbsp; \u00a0Instituto de Ense\u00f1anza Superior N\u00ba 2 \u00abMariano Acosta\u00bb Ciudad Aut\u00f3noma de Buenos Aires \u00a0 Breve Rese\u00f1a Hist\u00f3rica\u00a0 El Instituto hunde sus ra\u00edces en la Escuela Normal Superior de Profesores N\u00ba 2 \u00abMariano Acosta\u00bb [1], fundada el 16 de junio de 1874, por una Ley de &#8230; <a title=\"Inicio\" class=\"read-more\" href=\"https:\/\/ies2-caba.infd.edu.ar\/sitio\/\" aria-label=\"More on Inicio\">[+]<\/a><\/p>\n","protected":false},"author":1,"featured_media":0,"parent":0,"menu_order":0,"comment_status":"closed","ping_status":"closed","template":"","meta":[],"acf":[],"_links":{"self":[{"href":"https:\/\/ies2-caba.infd.edu.ar\/sitio\/wp-json\/wp\/v2\/pages\/286"}],"collection":[{"href":"https:\/\/ies2-caba.infd.edu.ar\/sitio\/wp-json\/wp\/v2\/pages"}],"about":[{"href":"https:\/\/ies2-caba.infd.edu.ar\/sitio\/wp-json\/wp\/v2\/types\/page"}],"author":[{"embeddable":true,"href":"https:\/\/ies2-caba.infd.edu.ar\/sitio\/wp-json\/wp\/v2\/users\/1"}],"replies":[{"embeddable":true,"href":"https:\/\/ies2-caba.infd.edu.ar\/sitio\/wp-json\/wp\/v2\/comments?post=286"}],"version-history":[{"count":89,"href":"https:\/\/ies2-caba.infd.edu.ar\/sitio\/wp-json\/wp\/v2\/pages\/286\/revisions"}],"predecessor-version":[{"id":949,"href":"https:\/\/ies2-caba.infd.edu.ar\/sitio\/wp-json\/wp\/v2\/pages\/286\/revisions\/949"}],"wp:attachment":[{"href":"https:\/\/ies2-caba.infd.edu.ar\/sitio\/wp-json\/wp\/v2\/media?parent=286"}],"curies":[{"name":"wp","href":"https:\/\/api.w.org\/{rel}","templated":true}]}}